{"id":58,"date":"2025-02-20T22:30:01","date_gmt":"2025-02-20T21:30:01","guid":{"rendered":"https:\/\/www.30juni2025.se\/?page_id=58"},"modified":"2025-02-20T22:44:17","modified_gmt":"2025-02-20T21:44:17","slug":"korschema","status":"publish","type":"page","link":"https:\/\/www.30juni2025.se\/?page_id=58","title":{"rendered":"K\u00f6rschema"},"content":{"rendered":"\n<p>&lt;&lt; Prelimin\u00e4rt k\u00f6rschema >><\/p>\n\n\n\n<h2 class=\"wp-block-heading\">S\u00f6ndag 29\/6<\/h2>\n\n\n\n<p><strong>18:00 &#8211; (Gustafsberg)<\/strong><\/p>\n\n\n\n<p>Drop-in f\u00f6r grill och mingel under kv\u00e4llen f\u00f6r att \u00e5teruppv\u00e4cka gamla och knyta nya v\u00e4nskapsband.<\/p>\n\n\n\n<h2 class=\"wp-block-heading\">M\u00e5ndag 30\/6<\/h2>\n\n\n\n<p><strong>14:00 &#8211; Vigsel (Ljungs Gamla Kyrka)<\/strong> &#8211; <a href=\"https:\/\/maps.app.goo.gl\/89M4dZgRojwW5RWg8\" data-type=\"link\" data-id=\"https:\/\/maps.app.goo.gl\/89M4dZgRojwW5RWg8\">karta<\/a><\/p>\n\n\n\n<figure class=\"wp-block-image size-large\"><img loading=\"lazy\" decoding=\"async\" width=\"1024\" height=\"768\" src=\"https:\/\/www.30juni2025.se\/wp-content\/uploads\/2025\/02\/ljungs-gamla-1024x768.jpg\" alt=\"\" class=\"wp-image-62\" srcset=\"https:\/\/www.30juni2025.se\/wp-content\/uploads\/2025\/02\/ljungs-gamla-1024x768.jpg 1024w, https:\/\/www.30juni2025.se\/wp-content\/uploads\/2025\/02\/ljungs-gamla-300x225.jpg 300w, https:\/\/www.30juni2025.se\/wp-content\/uploads\/2025\/02\/ljungs-gamla-768x576.jpg 768w, https:\/\/www.30juni2025.se\/wp-content\/uploads\/2025\/02\/ljungs-gamla-1536x1152.jpg 1536w, https:\/\/www.30juni2025.se\/wp-content\/uploads\/2025\/02\/ljungs-gamla-440x330.jpg 440w, https:\/\/www.30juni2025.se\/wp-content\/uploads\/2025\/02\/ljungs-gamla-920x690.jpg 920w, https:\/\/www.30juni2025.se\/wp-content\/uploads\/2025\/02\/ljungs-gamla.jpg 1600w\" sizes=\"auto, (max-width: 1024px) 100vw, 1024px\" \/><\/figure>\n\n\n\n<p><strong>15:30 &#8211; B\u00e5tf\u00e4rd till Gustafsberg fr\u00e5n Lyckorna Brygga med M\/S Byfjorden<\/strong><\/p>\n\n\n\n<figure class=\"wp-block-image size-full is-resized\"><img loading=\"lazy\" decoding=\"async\" width=\"670\" height=\"380\" src=\"https:\/\/www.30juni2025.se\/wp-content\/uploads\/2025\/02\/Byfjorden-Uddevalla-Foto_-Gunhild-Rydholm.jpg\" alt=\"\" class=\"wp-image-63\" style=\"width:880px;height:auto\" srcset=\"https:\/\/www.30juni2025.se\/wp-content\/uploads\/2025\/02\/Byfjorden-Uddevalla-Foto_-Gunhild-Rydholm.jpg 670w, https:\/\/www.30juni2025.se\/wp-content\/uploads\/2025\/02\/Byfjorden-Uddevalla-Foto_-Gunhild-Rydholm-300x170.jpg 300w\" sizes=\"auto, (max-width: 670px) 100vw, 670px\" \/><\/figure>\n\n\n\n<p><strong>17:00 &#8211; Ankomst Gustafsberg<\/strong><\/p>\n\n\n\n<figure class=\"wp-block-image size-large\"><img loading=\"lazy\" decoding=\"async\" width=\"1024\" height=\"576\" src=\"https:\/\/www.30juni2025.se\/wp-content\/uploads\/2025\/02\/screenshot_2022-06-22_09.33.30-1024x576.png\" alt=\"\" class=\"wp-image-64\" srcset=\"https:\/\/www.30juni2025.se\/wp-content\/uploads\/2025\/02\/screenshot_2022-06-22_09.33.30-1024x576.png 1024w, https:\/\/www.30juni2025.se\/wp-content\/uploads\/2025\/02\/screenshot_2022-06-22_09.33.30-300x169.png 300w, https:\/\/www.30juni2025.se\/wp-content\/uploads\/2025\/02\/screenshot_2022-06-22_09.33.30-768x432.png 768w, https:\/\/www.30juni2025.se\/wp-content\/uploads\/2025\/02\/screenshot_2022-06-22_09.33.30.png 1077w\" sizes=\"auto, (max-width: 1024px) 100vw, 1024px\" \/><\/figure>\n\n\n\n<p><strong>18:00 &#8211; V\u00e4lkomstdrink (Gustafsbergs Badrestaurang)<\/strong><\/p>\n\n\n\n<p><strong>19:00 &#8211; Middag<\/strong> <strong>(Gustafsbergs Badrestaurang)<\/strong><\/p>\n\n\n\n<p><strong>01:00 &#8211; Vickning<\/strong> <strong>(Gustafsbergs Badrestaurang)<\/strong><\/p>\n\n\n\n<h2 class=\"wp-block-heading\">Tisdag 1\/7<\/h2>\n\n\n\n<p><strong>08:00 &#8211; 10:00 &#8211; Frukostbuff\u00e9 till sj\u00e4lvkostnadspris (Konditori Sn\u00e4ckan)<\/strong><\/p>\n\n\n\n<p><\/p>\n","protected":false},"excerpt":{"rendered":"<p>&lt;&lt; Prelimin\u00e4rt k\u00f6rschema >> S\u00f6ndag 29\/6 18:00 &#8211; (Gustafsberg) Drop-in f\u00f6r grill och mingel under kv\u00e4llen f\u00f6r att \u00e5teruppv\u00e4cka gamla<\/p>\n<p><a href=\"https:\/\/www.30juni2025.se\/?page_id=58\" class=\"more-link\">Forts\u00e4tt l\u00e4sa<span class=\"screen-reader-text\">K\u00f6rschema<\/span><\/a><\/p>\n","protected":false},"author":1,"featured_media":0,"parent":0,"menu_order":0,"comment_status":"closed","ping_status":"closed","template":"","meta":{"footnotes":""},"class_list":["post-58","page","type-page","status-publish","hentry"],"_links":{"self":[{"href":"https:\/\/www.30juni2025.se\/index.php?rest_route=\/wp\/v2\/pages\/58","targetHints":{"allow":["GET"]}}],"collection":[{"href":"https:\/\/www.30juni2025.se\/index.php?rest_route=\/wp\/v2\/pages"}],"about":[{"href":"https:\/\/www.30juni2025.se\/index.php?rest_route=\/wp\/v2\/types\/page"}],"author":[{"embeddable":true,"href":"https:\/\/www.30juni2025.se\/index.php?rest_route=\/wp\/v2\/users\/1"}],"replies":[{"embeddable":true,"href":"https:\/\/www.30juni2025.se\/index.php?rest_route=%2Fwp%2Fv2%2Fcomments&post=58"}],"version-history":[{"count":3,"href":"https:\/\/www.30juni2025.se\/index.php?rest_route=\/wp\/v2\/pages\/58\/revisions"}],"predecessor-version":[{"id":65,"href":"https:\/\/www.30juni2025.se\/index.php?rest_route=\/wp\/v2\/pages\/58\/revisions\/65"}],"wp:attachment":[{"href":"https:\/\/www.30juni2025.se\/index.php?rest_route=%2Fwp%2Fv2%2Fmedia&parent=58"}],"curies":[{"name":"wp","href":"https:\/\/api.w.org\/{rel}","templated":true}]}}