{"id":48,"date":"2025-02-17T20:21:26","date_gmt":"2025-02-17T19:21:26","guid":{"rendered":"https:\/\/www.30juni2025.se\/?page_id=48"},"modified":"2025-02-20T22:18:27","modified_gmt":"2025-02-20T21:18:27","slug":"boende-2","status":"publish","type":"page","link":"https:\/\/www.30juni2025.se\/?page_id=48","title":{"rendered":"Boende"},"content":{"rendered":"\n<p>Vi bor p\u00e5 vackra <a href=\"https:\/\/www.gustafsberg.se\/\">Gustafsbergs Badhotell och Vandrarhem<\/a> som ligger i anslutning till festlokalen och Sveriges \u00e4ldsta badort. Ni bokar in er sj\u00e4lva genom att maila\u00a0<a href=\"mailto:info@gustafsberg.se\">info@gustafsberg.se<\/a>\u00a0innan den 30 mars med nedanst\u00e5ende detaljer:<\/p>\n\n\n\n<ul class=\"wp-block-list\">\n<li>att ni tillh\u00f6r s\u00e4llskapet Linn &amp; Jos\u00e9-Gabriel<\/li>\n\n\n\n<li>\u00f6nskem\u00e5l om boende<\/li>\n\n\n\n<li>ett namn och ett mobilnummer f\u00f6r varje rum<\/li>\n\n\n\n<li>n\u00e4r ni anl\u00e4nder<\/li>\n\n\n\n<li>hur m\u00e5nga dagar ni vill stanna<\/li>\n<\/ul>\n\n\n\n<p>Vill man hellre bo p\u00e5 hotell s\u00e5 finns det framf\u00f6rhandlade priser p\u00e5 <a href=\"https:\/\/bohusgarden.se\/sv\">Bohusg\u00e5rden Hotell och Konferens<\/a>.<\/p>\n\n\n\n<h3 class=\"wp-block-heading\">Praktiska detaljer<\/h3>\n\n\n\n<h4 class=\"wp-block-heading\">Betalning<\/h4>\n\n\n\n<p>Betalningen sker vid incheckningen i receptionen i Varmbadhuset med kort, kontant eller Swish mellan klockan 16.00 \u2013 19.00<strong><em>&nbsp;(\u00e4ndra tider).<\/em><\/strong><\/p>\n\n\n\n<h4 class=\"wp-block-heading\">Avbokning<\/h4>\n\n\n\n<p>Avbokning av rummen m\u00e5ste g\u00f6ras senast klockan 10.00 dagen innan bokningen g\u00e4ller.&nbsp; Om avbokning inte sker i tid debiteras en natts boende enligt det som bokningen avser.&nbsp;<\/p>\n\n\n\n<h4 class=\"wp-block-heading\">Utcheckning<\/h4>\n\n\n\n<p>Utcheckning f\u00f6r vandrarhemmen \u00e4r tisdag 1\/7 klockan 10.30 och f\u00f6r Slottet och Tv\u00e5an klockan 11.00 d\u00e5 receptionen st\u00e4nger.<\/p>\n\n\n\n<h4 class=\"wp-block-heading\">Lakan och st\u00e4dning<\/h4>\n\n\n\n<p>P\u00e5 vandrarhemmen ing\u00e5r ej lakan\/handdukar men finns att hyra vid incheckningen, 150 kr\/pers. F\u00f6r boende p\u00e5 Tv\u00e5an eller Slottet ing\u00e5r lakan\/handdukar.<\/p>\n\n\n\n<p>Slutst\u00e4dning ing\u00e5r.&nbsp;<\/p>\n\n\n\n<h4 class=\"wp-block-heading\">Frukost<\/h4>\n\n\n\n<p>Valfritt och m\u00f6jlighet att inta den gemensamt finns p\u00e5 Caf\u00e9 Sn\u00e4ckans frukostbuff\u00e9 fr\u00e5n klockan 08.00. M\u00f6jlighet finns \u00e4ven till sj\u00e4lvhush\u00e5ll i g\u00e4stk\u00f6ken.<\/p>\n\n\n\n<h2 class=\"wp-block-heading\">Tillg\u00e4ngliga rum<\/h2>\n\n\n\n<h3 class=\"wp-block-heading\"><strong>Varmbadhuset<\/strong><\/h3>\n\n\n\n<p>Ett 5-b\u00e4ddsrum, fyra 4-b\u00e4ddsrum, ett 3-b\u00e4ddsrum, samt sju 2-b\u00e4ddsrum.&nbsp;<\/p>\n\n\n\n<p>I korridoren finns det gemensamma duschrum, ett f\u00f6r damer och ett f\u00f6r herrar och flera toaletter. I huset finns ocks\u00e5 en tv\u00e4ttstuga, ett TV-rum och tr\u00e5dl\u00f6st internet.<\/p>\n\n\n\n<ul class=\"wp-block-list\">\n<li>5-b\u00e4ddsrum: 2 175:- \/ natt<\/li>\n\n\n\n<li>4-b\u00e4ddsrum: 1 730:- \/natt<\/li>\n\n\n\n<li>3-b\u00e4ddsrum: 1 485:- \/ natt<\/li>\n\n\n\n<li>2-b\u00e4ddsrum 940:- \/natt<\/li>\n<\/ul>\n\n\n\n<h3 class=\"wp-block-heading\"><strong>Annexet<\/strong><\/h3>\n\n\n\n<p>Fem 2-b\u00e4ddsrum finns tillg\u00e4ngliga, ut\u00f6ver detta ett k\u00f6k och ett allrum med TV. Dusch och toalett finns i korridoren.<\/p>\n\n\n\n<ul class=\"wp-block-list\">\n<li>2-b\u00e4ddsrum: 940:- \/ natt<\/li>\n<\/ul>\n\n\n\n<h3 class=\"wp-block-heading\" id=\"boende\"><strong>Sj\u00f6stugan<\/strong><\/h3>\n\n\n\n<p>Tre stycken 3-b\u00e4ddsrum och tre 2-b\u00e4ddsrum i enklare standard. V\u00e4rt att notera att det inte finns rinnande vatten i Sj\u00f6stugan, utan f\u00f6r dusch och toalett f\u00e5r man g\u00e5 till Varmbadhuset, en 50 meters promenad bort.<\/p>\n\n\n\n<ul class=\"wp-block-list\">\n<li>2-b\u00e4ddsrum: 840:- \/natt<\/li>\n\n\n\n<li>3-b\u00e4ddsrum: 1 285:- \/ natt<\/li>\n<\/ul>\n\n\n\n<h3 class=\"wp-block-heading\">Bohusg\u00e5rden Hotell &amp; Konferens<\/h3>\n\n\n\n<p><\/p>\n","protected":false},"excerpt":{"rendered":"<p>Vi bor p\u00e5 vackra Gustafsbergs Badhotell och Vandrarhem som ligger i anslutning till festlokalen och Sveriges \u00e4ldsta badort. Ni bokar<\/p>\n<p><a href=\"https:\/\/www.30juni2025.se\/?page_id=48\" class=\"more-link\">Forts\u00e4tt l\u00e4sa<span class=\"screen-reader-text\">Boende<\/span><\/a><\/p>\n","protected":false},"author":1,"featured_media":0,"parent":0,"menu_order":0,"comment_status":"closed","ping_status":"closed","template":"","meta":{"footnotes":""},"class_list":["post-48","page","type-page","status-publish","hentry"],"_links":{"self":[{"href":"https:\/\/www.30juni2025.se\/index.php?rest_route=\/wp\/v2\/pages\/48","targetHints":{"allow":["GET"]}}],"collection":[{"href":"https:\/\/www.30juni2025.se\/index.php?rest_route=\/wp\/v2\/pages"}],"about":[{"href":"https:\/\/www.30juni2025.se\/index.php?rest_route=\/wp\/v2\/types\/page"}],"author":[{"embeddable":true,"href":"https:\/\/www.30juni2025.se\/index.php?rest_route=\/wp\/v2\/users\/1"}],"replies":[{"embeddable":true,"href":"https:\/\/www.30juni2025.se\/index.php?rest_route=%2Fwp%2Fv2%2Fcomments&post=48"}],"version-history":[{"count":6,"href":"https:\/\/www.30juni2025.se\/index.php?rest_route=\/wp\/v2\/pages\/48\/revisions"}],"predecessor-version":[{"id":57,"href":"https:\/\/www.30juni2025.se\/index.php?rest_route=\/wp\/v2\/pages\/48\/revisions\/57"}],"wp:attachment":[{"href":"https:\/\/www.30juni2025.se\/index.php?rest_route=%2Fwp%2Fv2%2Fmedia&parent=48"}],"curies":[{"name":"wp","href":"https:\/\/api.w.org\/{rel}","templated":true}]}}