{"id":43,"date":"2025-02-17T20:17:57","date_gmt":"2025-02-17T19:17:57","guid":{"rendered":"https:\/\/www.30juni2025.se\/?page_id=43"},"modified":"2025-02-22T18:02:25","modified_gmt":"2025-02-22T17:02:25","slug":"vardpar","status":"publish","type":"page","link":"https:\/\/www.30juni2025.se\/?page_id=43","title":{"rendered":"V\u00e4rdpar"},"content":{"rendered":"\n<p>Om man beh\u00f6ver veta detaljer om kringarrangemang s\u00e5 finns det inga b\u00e4ttre att kontakta \u00e4n v\u00e5rt fantastiska v\u00e4rdpar.<\/p>\n\n\n\n<p><strong>Thor-Henrik<\/strong> \u00e4r en modern ren\u00e4ssansman, det finns inget som \u00e4r f\u00f6r litet eller f\u00f6r stort att bygga om, uppfinna eller utveckla &#8211; om det s\u00e5 \u00e4r skidor, glass, jakt eller br\u00e4dor.<\/p>\n\n\n\n<p><strong>Hanna<\/strong> \u00e4r kvinnan som kan hantera allt, det finns inte en utmaning som \u00e4r f\u00f6r sv\u00e5r eller f\u00f6r liten &#8211; med ett underbart hum\u00f6r ger hon sig i kast med allt som kan beh\u00f6vas i samh\u00e4llet, p\u00e5 campingen eller i familjen.<\/p>\n","protected":false},"excerpt":{"rendered":"<p>Om man beh\u00f6ver veta detaljer om kringarrangemang s\u00e5 finns det inga b\u00e4ttre att kontakta \u00e4n v\u00e5rt fantastiska v\u00e4rdpar. Thor-Henrik \u00e4r<\/p>\n<p><a href=\"https:\/\/www.30juni2025.se\/?page_id=43\" class=\"more-link\">Forts\u00e4tt l\u00e4sa<span class=\"screen-reader-text\">V\u00e4rdpar<\/span><\/a><\/p>\n","protected":false},"author":1,"featured_media":0,"parent":0,"menu_order":0,"comment_status":"closed","ping_status":"closed","template":"","meta":{"footnotes":""},"class_list":["post-43","page","type-page","status-publish","hentry"],"_links":{"self":[{"href":"https:\/\/www.30juni2025.se\/index.php?rest_route=\/wp\/v2\/pages\/43","targetHints":{"allow":["GET"]}}],"collection":[{"href":"https:\/\/www.30juni2025.se\/index.php?rest_route=\/wp\/v2\/pages"}],"about":[{"href":"https:\/\/www.30juni2025.se\/index.php?rest_route=\/wp\/v2\/types\/page"}],"author":[{"embeddable":true,"href":"https:\/\/www.30juni2025.se\/index.php?rest_route=\/wp\/v2\/users\/1"}],"replies":[{"embeddable":true,"href":"https:\/\/www.30juni2025.se\/index.php?rest_route=%2Fwp%2Fv2%2Fcomments&post=43"}],"version-history":[{"count":3,"href":"https:\/\/www.30juni2025.se\/index.php?rest_route=\/wp\/v2\/pages\/43\/revisions"}],"predecessor-version":[{"id":69,"href":"https:\/\/www.30juni2025.se\/index.php?rest_route=\/wp\/v2\/pages\/43\/revisions\/69"}],"wp:attachment":[{"href":"https:\/\/www.30juni2025.se\/index.php?rest_route=%2Fwp%2Fv2%2Fmedia&parent=43"}],"curies":[{"name":"wp","href":"https:\/\/api.w.org\/{rel}","templated":true}]}}